{"id":1050,"date":"2025-11-19T10:40:26","date_gmt":"2025-11-19T09:40:26","guid":{"rendered":"https:\/\/www.ergosrl.net\/?page_id=1050"},"modified":"2026-02-26T16:54:27","modified_gmt":"2026-02-26T15:54:27","slug":"work-with-us","status":"publish","type":"page","link":"https:\/\/www.ergosrl.net\/en\/lavora-con-noi\/","title":{"rendered":"Ergo: lavora con noi"},"content":{"rendered":"\t\t<div data-elementor-type=\"wp-page\" data-elementor-id=\"1050\" class=\"elementor elementor-1050\" data-elementor-post-type=\"page\">\n\t\t\t\t<div class=\"elementor-element elementor-element-45f6c9e e-con-full e-flex e-con e-parent\" data-id=\"45f6c9e\" data-element_type=\"container\" data-e-type=\"container\">\n\t\t<div class=\"elementor-element elementor-element-23a5f07 e-con-full e-flex e-con e-child\" data-id=\"23a5f07\" data-element_type=\"container\" data-e-type=\"container\" data-settings=\"{&quot;background_background&quot;:&quot;classic&quot;}\">\n\t\t<div class=\"elementor-element elementor-element-9543b1e e-con-full e-flex e-con e-child\" data-id=\"9543b1e\" data-element_type=\"container\" data-e-type=\"container\">\n\t\t\t\t<div class=\"elementor-element elementor-element-8b9b8e7 elementor-widget elementor-widget-heading\" data-id=\"8b9b8e7\" data-element_type=\"widget\" data-e-type=\"widget\" data-widget_type=\"heading.default\">\n\t\t\t\t\t<h6 class=\"elementor-heading-title elementor-size-default\">LAVORA CON NOI<\/h6>\t\t\t\t<\/div>\n\t\t\t\t<div class=\"elementor-element elementor-element-1e1009b elementor-widget elementor-widget-heading\" data-id=\"1e1009b\" data-element_type=\"widget\" data-e-type=\"widget\" data-widget_type=\"heading.default\">\n\t\t\t\t\t<h1 class=\"elementor-heading-title elementor-size-default\">Lavora in\n<span class=\"playfair\"> Ergo<\/span><\/h1>\t\t\t\t<\/div>\n\t\t\t\t<div class=\"elementor-element elementor-element-a110e36 elementor-widget__width-initial elementor-widget elementor-widget-text-editor\" data-id=\"a110e36\" data-element_type=\"widget\" data-e-type=\"widget\" data-widget_type=\"text-editor.default\">\n\t\t\t\t\t\t\t\t\t<p>In Ergo crediamo nel valore delle <strong>competenze<\/strong>, del <strong>metodo<\/strong> e della <strong>collaborazione<\/strong>.<br \/>Siamo costantemente alla ricerca di professionisti capaci di contribuire ai nostri progetti in ambito sostenibilit\u00e0, ricerca e innovazione.<\/p>\t\t\t\t\t\t\t\t<\/div>\n\t\t\t\t<\/div>\n\t\t\t\t<\/div>\n\t\t\t\t<\/div>\n\t\t<div class=\"elementor-element elementor-element-6c258a5 e-con-full e-flex e-con e-parent\" data-id=\"6c258a5\" data-element_type=\"container\" data-e-type=\"container\">\n\t\t\t\t<div class=\"elementor-element elementor-element-89892fa elementor-widget elementor-widget-html\" data-id=\"89892fa\" data-element_type=\"widget\" data-e-type=\"widget\" data-widget_type=\"html.default\">\n\t\t\t\t\t<div id=\"el-breadcrumbs\"><\/div>\n\n<script>\n  document.addEventListener('DOMContentLoaded', function(){\n    const path = window.location.pathname.split('\/').filter(p => p);\n    const container = document.getElementById('el-breadcrumbs');\n    if(!container) return;\n\n    const homeLink = '<a href=\"\/\">Home<\/a>';\n    const sep = ' \/ ';\n    let crumbs = [homeLink];\n\n    let accumulated = '\/';\n    path.forEach((segment, i) => {\n      accumulated += segment + '\/';\n      \n      \/\/ Sostituisce i trattini e capitalizza SOLO la prima lettera del segmento\n      const name = segment.replace(\/-\/g, ' ').replace(\/^\\w\/, l => l.toUpperCase());\n\n      if (i < path.length - 1) {\n        crumbs.push(`<a href=\"${accumulated}\">${name}<\/a>`);\n      } else {\n        crumbs.push(`<span>${name}<\/span>`);\n      }\n    });\n\n    container.innerHTML = '<nav class=\"el-breadcrumbs\" aria-label=\"Breadcrumb\">' \n                          + crumbs.join(sep) \n                          + '<\/nav>';\n  });\n<\/script>\t\t\t\t<\/div>\n\t\t\t\t<\/div>\n\t\t<div class=\"elementor-element elementor-element-241476f e-con-full e-flex e-con e-parent\" data-id=\"241476f\" data-element_type=\"container\" data-e-type=\"container\">\n\t\t<div class=\"elementor-element elementor-element-070cfb8 e-con-full e-flex e-con e-child\" data-id=\"070cfb8\" data-element_type=\"container\" data-e-type=\"container\">\n\t\t<div class=\"elementor-element elementor-element-e99f436 e-con-full e-flex e-con e-child\" data-id=\"e99f436\" data-element_type=\"container\" data-e-type=\"container\">\n\t\t\t\t<div class=\"elementor-element elementor-element-1097c3c elementor-widget__width-initial elementor-widget elementor-widget-heading\" data-id=\"1097c3c\" data-element_type=\"widget\" data-e-type=\"widget\" data-widget_type=\"heading.default\">\n\t\t\t\t\t<h6 class=\"elementor-heading-title elementor-size-default\">Scopri le nostre <span class=\"playfair\">posizioni aperte<\/span><\/h6>\t\t\t\t<\/div>\n\t\t\t\t<div class=\"elementor-element elementor-element-51e3cd4 elementor-widget__width-initial elementor-widget elementor-widget-text-editor\" data-id=\"51e3cd4\" data-element_type=\"widget\" data-e-type=\"widget\" data-widget_type=\"text-editor.default\">\n\t\t\t\t\t\t\t\t\t<p>Se vuoi entrare in una realt\u00e0 che investe nella qualit\u00e0 del lavoro e nello sviluppo delle persone, inviaci il tuo Curriculum Vitae.<\/p><p>Analizzeremo con attenzione il tuo profilo e ti contatteremo nel caso in cui emergano opportunit\u00e0 in linea con la tua esperienza.<\/p>\t\t\t\t\t\t\t\t<\/div>\n\t\t\t\t<div class=\"elementor-element elementor-element-df42952 elementor-widget elementor-widget-button\" data-id=\"df42952\" data-element_type=\"widget\" data-e-type=\"widget\" data-widget_type=\"button.default\">\n\t\t\t\t\t\t\t\t\t\t<a class=\"elementor-button elementor-button-link elementor-size-sm\" href=\"https:\/\/www.linkedin.com\/company\/ergo-srl\/jobs\/\" target=\"_blank\" rel=\"noopener\">\n\t\t\t\t\t\t<span class=\"elementor-button-content-wrapper\">\n\t\t\t\t\t\t<span class=\"elementor-button-icon\">\n\t\t\t\t<svg aria-hidden=\"true\" class=\"e-font-icon-svg e-fab-linkedin\" viewBox=\"0 0 448 512\" xmlns=\"http:\/\/www.w3.org\/2000\/svg\"><path d=\"M416 32H31.9C14.3 32 0 46.5 0 64.3v383.4C0 465.5 14.3 480 31.9 480H416c17.6 0 32-14.5 32-32.3V64.3c0-17.8-14.4-32.3-32-32.3zM135.4 416H69V202.2h66.5V416zm-33.2-243c-21.3 0-38.5-17.3-38.5-38.5S80.9 96 102.2 96c21.2 0 38.5 17.3 38.5 38.5 0 21.3-17.2 38.5-38.5 38.5zm282.1 243h-66.4V312c0-24.8-.5-56.7-34.5-56.7-34.6 0-39.9 27-39.9 54.9V416h-66.4V202.2h63.7v29.2h.9c8.9-16.8 30.6-34.5 62.9-34.5 67.2 0 79.7 44.3 79.7 101.9V416z\"><\/path><\/svg>\t\t\t<\/span>\n\t\t\t\t\t\t\t\t\t<span class=\"elementor-button-text\">La nostra pagina LinkedIn<\/span>\n\t\t\t\t\t<\/span>\n\t\t\t\t\t<\/a>\n\t\t\t\t\t\t\t\t<\/div>\n\t\t\t\t<\/div>\n\t\t<div class=\"elementor-element elementor-element-8f65101 e-con-full e-flex e-con e-child\" data-id=\"8f65101\" data-element_type=\"container\" data-e-type=\"container\" data-settings=\"{&quot;background_background&quot;:&quot;classic&quot;}\">\n\t\t\t\t<div class=\"elementor-element elementor-element-d502a2b elementor-widget elementor-widget-heading\" data-id=\"d502a2b\" data-element_type=\"widget\" data-e-type=\"widget\" data-widget_type=\"heading.default\">\n\t\t\t\t\t<h6 class=\"elementor-heading-title elementor-size-default\">Invia la tua candidatura <span class=\"playfair\">spontanea<\/span><\/h6>\t\t\t\t<\/div>\n\t\t\t\t<div class=\"elementor-element elementor-element-a882eef elementor-widget elementor-widget-heading\" data-id=\"a882eef\" data-element_type=\"widget\" data-e-type=\"widget\" data-widget_type=\"heading.default\">\n\t\t\t\t\t<div class=\"elementor-heading-title elementor-size-default\">Siamo sempre alla ricerca di nuovi  talenti<\/div>\t\t\t\t<\/div>\n\t\t\t\t<div class=\"elementor-element elementor-element-8e156ee elementor-widget elementor-widget-button\" data-id=\"8e156ee\" data-element_type=\"widget\" data-e-type=\"widget\" data-widget_type=\"button.default\">\n\t\t\t\t\t\t\t\t\t\t<a class=\"elementor-button elementor-button-link elementor-size-sm\" href=\"https:\/\/talents.tecnosrl.it\/\" target=\"_blank\" rel=\"noopener\">\n\t\t\t\t\t\t<span class=\"elementor-button-content-wrapper\">\n\t\t\t\t\t\t\t\t\t<span class=\"elementor-button-text\">Tutte le candidature<\/span>\n\t\t\t\t\t<\/span>\n\t\t\t\t\t<\/a>\n\t\t\t\t\t\t\t\t<\/div>\n\t\t\t\t<\/div>\n\t\t\t\t<\/div>\n\t\t\t\t<\/div>\n\t\t\t\t<\/div>\n\t\t","protected":false},"excerpt":{"rendered":"<p>LAVORA CON NOI Lavora in Ergo In Ergo crediamo nel valore delle competenze, del metodo e della collaborazione.Siamo costantemente alla ricerca di professionisti capaci di contribuire ai nostri progetti in ambito sostenibilit\u00e0, ricerca e innovazione. Scopri le nostre posizioni aperte Se vuoi entrare in una realt\u00e0 che investe nella qualit\u00e0 del lavoro e nello sviluppo [&hellip;]<\/p>\n","protected":false},"author":2,"featured_media":0,"parent":0,"menu_order":0,"comment_status":"closed","ping_status":"closed","template":"","meta":{"_acf_changed":false,"footnotes":""},"class_list":["post-1050","page","type-page","status-publish","hentry"],"acf":[],"_links":{"self":[{"href":"https:\/\/www.ergosrl.net\/en\/wp-json\/wp\/v2\/pages\/1050","targetHints":{"allow":["GET"]}}],"collection":[{"href":"https:\/\/www.ergosrl.net\/en\/wp-json\/wp\/v2\/pages"}],"about":[{"href":"https:\/\/www.ergosrl.net\/en\/wp-json\/wp\/v2\/types\/page"}],"author":[{"embeddable":true,"href":"https:\/\/www.ergosrl.net\/en\/wp-json\/wp\/v2\/users\/2"}],"replies":[{"embeddable":true,"href":"https:\/\/www.ergosrl.net\/en\/wp-json\/wp\/v2\/comments?post=1050"}],"version-history":[{"count":111,"href":"https:\/\/www.ergosrl.net\/en\/wp-json\/wp\/v2\/pages\/1050\/revisions"}],"predecessor-version":[{"id":3163,"href":"https:\/\/www.ergosrl.net\/en\/wp-json\/wp\/v2\/pages\/1050\/revisions\/3163"}],"wp:attachment":[{"href":"https:\/\/www.ergosrl.net\/en\/wp-json\/wp\/v2\/media?parent=1050"}],"curies":[{"name":"wp","href":"https:\/\/api.w.org\/{rel}","templated":true}]}}