{"id":672,"date":"2025-11-10T11:22:04","date_gmt":"2025-11-10T10:22:04","guid":{"rendered":"https:\/\/www.ergosrl.net\/?page_id=672"},"modified":"2026-02-19T10:17:22","modified_gmt":"2026-02-19T09:17:22","slug":"contacts","status":"publish","type":"page","link":"https:\/\/www.ergosrl.net\/en\/contatti\/","title":{"rendered":"Le sedi e i contatti di Ergo Srl"},"content":{"rendered":"<div data-elementor-type=\"wp-page\" data-elementor-id=\"672\" class=\"elementor elementor-672\" data-elementor-post-type=\"page\">\n\t\t\t\t<div class=\"elementor-element elementor-element-d5b8999 e-flex e-con-boxed e-con e-parent\" data-id=\"d5b8999\" data-element_type=\"container\" data-e-type=\"container\">\n\t\t\t\t\t<div class=\"e-con-inner\">\n\t\t\t\t\t<\/div>\n\t\t\t\t<\/div>\n\t\t<div class=\"elementor-element elementor-element-9f4f74e e-con-full e-flex e-con e-parent\" data-id=\"9f4f74e\" data-element_type=\"container\" data-e-type=\"container\">\n\t\t<div class=\"elementor-element elementor-element-9b5db15 e-flex e-con-boxed e-con e-child\" data-id=\"9b5db15\" data-element_type=\"container\" data-e-type=\"container\" data-settings=\"{&quot;background_background&quot;:&quot;classic&quot;}\">\n\t\t\t\t\t<div class=\"e-con-inner\">\n\t\t<div class=\"elementor-element elementor-element-8fd4396 e-con-full e-flex e-con e-child\" data-id=\"8fd4396\" data-element_type=\"container\" data-e-type=\"container\">\n\t\t\t\t<div class=\"elementor-element elementor-element-f55c89c elementor-widget elementor-widget-heading\" data-id=\"f55c89c\" data-element_type=\"widget\" data-e-type=\"widget\" data-widget_type=\"heading.default\">\n\t\t\t\t\t<h3 class=\"elementor-heading-title elementor-size-default\">Sustainability consulting for businesses<\/h3>\t\t\t\t<\/div>\n\t\t\t\t<div class=\"elementor-element elementor-element-3837a88 elementor-widget elementor-widget-heading\" data-id=\"3837a88\" data-element_type=\"widget\" data-e-type=\"widget\" data-widget_type=\"heading.default\">\n\t\t\t\t\t<h3 class=\"elementor-heading-title elementor-size-default\">A multidisciplinary team supporting your transition<\/h3>\t\t\t\t<\/div>\n\t\t\t\t<div class=\"elementor-element elementor-element-7637637 elementor-widget elementor-widget-text-editor\" data-id=\"7637637\" data-element_type=\"widget\" data-e-type=\"widget\" data-widget_type=\"text-editor.default\">\n\t\t\t\t\t\t\t\t\t<p class=\" translation-block\">ERGO is the first <strong>spin-off of the Sant\u2019Anna School of Advanced Studies in Pisa<\/strong>, specializing in <strong>sustainability management and environmental management<\/strong>.<\/p><p class=\" translation-block\">For over twenty years, it has combined <strong>academic research, technical expertise, and strategic vision<\/strong> to guide companies toward sustainable development models that comply with European directives.<\/p>\t\t\t\t\t\t\t\t<\/div>\n\t\t\t\t<\/div>\n\t\t<div class=\"elementor-element elementor-element-cff5c73 e-con-full e-flex e-con e-child\" data-id=\"cff5c73\" data-element_type=\"container\" data-e-type=\"container\" data-settings=\"{&quot;background_background&quot;:&quot;classic&quot;}\">\n\t\t\t\t<div class=\"elementor-element elementor-element-c50b541 elementor-widget elementor-widget-html\" data-id=\"c50b541\" data-element_type=\"widget\" data-e-type=\"widget\" data-widget_type=\"html.default\">\n\t\t\t\t\t<style>.elementor-element-c50b541{display:none !important}<\/style>\t\t\t\t<\/div>\n\t\t\t\t<div class=\"elementor-element elementor-element-3182971 elementor-widget elementor-widget-html\" data-id=\"3182971\" data-element_type=\"widget\" data-e-type=\"widget\" data-widget_type=\"html.default\">\n\t\t\t\t\t<script charset=\"utf-8\" type=\"text\/javascript\" src=\"\/\/js-eu1.hsforms.net\/forms\/embed\/v2.js\"><\/script>\n<script>\n  hbspt.forms.create({\n    portalId: \"143976689\",\n    formId: \"5c4060bd-b09d-4c5e-9dff-1fca3a93169a\",\n    region: \"eu1\"\n  });\n<\/script>\t\t\t\t<\/div>\n\t\t\t\t<\/div>\n\t\t\t\t\t<\/div>\n\t\t\t\t<\/div>\n\t\t\t\t<\/div>\n\t\t<div class=\"elementor-element elementor-element-a855272 e-con-full e-flex e-con e-parent\" data-id=\"a855272\" data-element_type=\"container\" data-e-type=\"container\">\n\t\t<div class=\"elementor-element elementor-element-9dcea83 e-flex e-con-boxed e-con e-child\" data-id=\"9dcea83\" data-element_type=\"container\" data-e-type=\"container\">\n\t\t\t\t\t<div class=\"e-con-inner\">\n\t\t<div class=\"elementor-element elementor-element-5ea86f3 e-con-full e-flex e-con e-child\" data-id=\"5ea86f3\" data-element_type=\"container\" data-e-type=\"container\">\n\t\t\t\t<div class=\"elementor-element elementor-element-aeebfc5 elementor-widget elementor-widget-text-editor\" data-id=\"aeebfc5\" data-element_type=\"widget\" data-e-type=\"widget\" data-widget_type=\"text-editor.default\">\n\t\t\t\t\t\t\t\t\t<p class=\" translation-block\">Our <strong>interdisciplinary team<\/strong> supports companies in <strong>measuring ESG performance, reducing environmental impact, assessing HSEQ risks<\/strong>, and <strong>defining decarbonization and circular economy strategies<\/strong>.<\/p><p class=\" translation-block\">A <strong>scientific, tailored approach<\/strong> that turns sustainability into <strong>concrete, measurable value<\/strong>.<\/p>\t\t\t\t\t\t\t\t<\/div>\n\t\t\t\t<\/div>\n\t\t<div class=\"elementor-element elementor-element-3c96e3b e-con-full e-flex e-con e-child\" data-id=\"3c96e3b\" data-element_type=\"container\" data-e-type=\"container\">\n\t\t\t\t<div class=\"elementor-element elementor-element-d4c7288 elementor-widget elementor-widget-heading\" data-id=\"d4c7288\" data-element_type=\"widget\" data-e-type=\"widget\" data-widget_type=\"heading.default\">\n\t\t\t\t\t<h3 class=\"elementor-heading-title elementor-size-default\">Ergo Srl<\/h3>\t\t\t\t<\/div>\n\t\t\t\t<div class=\"elementor-element elementor-element-1a27119 elementor-widget elementor-widget-heading\" data-id=\"1a27119\" data-element_type=\"widget\" data-e-type=\"widget\" data-widget_type=\"heading.default\">\n\t\t\t\t\t<h3 class=\"elementor-heading-title elementor-size-default\">Where to find us<\/h3>\t\t\t\t<\/div>\n\t\t\t\t<div class=\"elementor-element elementor-element-7f7675c elementor-widget elementor-widget-text-editor\" data-id=\"7f7675c\" data-element_type=\"widget\" data-e-type=\"widget\" data-widget_type=\"text-editor.default\">\n\t\t\t\t\t\t\t\t\t<div class=\"wpb_text_column has-custom-color wpex-child-inherit-color hidden-phone wpb_content_element margin_top_30\"><div class=\"wpb_wrapper\"><p><strong><span class=\"contatti_indirizzo_verde\">Pisa Office<\/span><\/strong><br \/>Via Guglielmo Oberdan, 11 \u2013 56127 Pisa (PI)<\/p><p><strong><span class=\"contatti_indirizzo_verde\">Milan Office<\/span><\/strong><br \/>Piazza Luigi Vittorio Bertarelli, 1 \u2013 20122 Milano (MI)<\/p><\/div><\/div>\t\t\t\t\t\t\t\t<\/div>\n\t\t\t\t<div class=\"elementor-element elementor-element-860eec7 elementor-widget elementor-widget-spacer\" data-id=\"860eec7\" data-element_type=\"widget\" data-e-type=\"widget\" data-widget_type=\"spacer.default\">\n\t\t\t\t\t\t\t<div class=\"elementor-spacer\">\n\t\t\t<div class=\"elementor-spacer-inner\"><\/div>\n\t\t<\/div>\n\t\t\t\t\t\t<\/div>\n\t\t\t\t<div class=\"elementor-element elementor-element-4cb525c elementor-widget elementor-widget-heading\" data-id=\"4cb525c\" data-element_type=\"widget\" data-e-type=\"widget\" data-widget_type=\"heading.default\">\n\t\t\t\t\t<h3 class=\"elementor-heading-title elementor-size-default\">Contacts<\/h3>\t\t\t\t<\/div>\n\t\t\t\t<div class=\"elementor-element elementor-element-e95d3f2 elementor-widget elementor-widget-text-editor\" data-id=\"e95d3f2\" data-element_type=\"widget\" data-e-type=\"widget\" data-widget_type=\"text-editor.default\">\n\t\t\t\t\t\t\t\t\t<div class=\"wpb_text_column has-custom-color wpex-child-inherit-color hidden-phone wpb_content_element margin_top_30\"><div class=\"wpb_wrapper\"><p>Email: <strong><a href=\"mailto:info@ergosrl.net\" target=\"_blank\" rel=\"noopener\"><span class=\"il\">info@ergosrl.net<\/span><\/a><\/strong><\/p><p>Phone: <strong><a href=\"tel:+39050543757\">+39 050 543757<\/a><\/strong><\/p><\/div><\/div>\t\t\t\t\t\t\t\t<\/div>\n\t\t\t\t<div class=\"elementor-element elementor-element-50c83bf elementor-shape-circle e-grid-align-left elementor-grid-0 elementor-widget elementor-widget-social-icons\" data-id=\"50c83bf\" data-element_type=\"widget\" data-e-type=\"widget\" data-widget_type=\"social-icons.default\">\n\t\t\t\t\t\t\t<div class=\"elementor-social-icons-wrapper elementor-grid\">\n\t\t\t\t\t\t\t<span class=\"elementor-grid-item\">\n\t\t\t\t\t<a class=\"elementor-icon elementor-social-icon elementor-social-icon- elementor-repeater-item-f828b25\" href=\"https:\/\/www.linkedin.com\/company\/ergo-srl\/?originalSubdomain=it\" target=\"_blank\" rel=\"noopener\">\n\t\t\t\t\t\t<span class=\"elementor-screen-only\"><\/span>\n\t\t\t\t\t\t<svg xmlns=\"http:\/\/www.w3.org\/2000\/svg\" xmlns:xlink=\"http:\/\/www.w3.org\/1999\/xlink\" id=\"Capa_1\" x=\"0px\" y=\"0px\" width=\"510px\" height=\"510px\" viewbox=\"0 0 510 510\" style=\"enable-background:new 0 0 510 510;\" xml:space=\"preserve\"><g>\t<g id=\"post-linkedin\">\t\t<path d=\"M459,0H51C22.95,0,0,22.95,0,51v408c0,28.05,22.95,51,51,51h408c28.05,0,51-22.95,51-51V51C510,22.95,487.05,0,459,0z    M153,433.5H76.5V204H153V433.5z M114.75,160.65c-25.5,0-45.9-20.4-45.9-45.9s20.4-45.9,45.9-45.9s45.9,20.4,45.9,45.9   S140.25,160.65,114.75,160.65z M433.5,433.5H357V298.35c0-20.399-17.85-38.25-38.25-38.25s-38.25,17.851-38.25,38.25V433.5H204   V204h76.5v30.6c12.75-20.4,40.8-35.7,63.75-35.7c48.45,0,89.25,40.8,89.25,89.25V433.5z\"><\/path>\t<\/g><\/g><g><\/g><g><\/g><g><\/g><g><\/g><g><\/g><g><\/g><g><\/g><g><\/g><g><\/g><g><\/g><g><\/g><g><\/g><g><\/g><g><\/g><g><\/g><\/svg>\t\t\t\t\t<\/a>\n\t\t\t\t<\/span>\n\t\t\t\t\t<\/div>\n\t\t\t\t\t\t<\/div>\n\t\t\t\t<\/div>\n\t\t\t\t\t<\/div>\n\t\t\t\t<\/div>\n\t\t\t\t<\/div>\n\t\t\t\t<\/div>","protected":false},"excerpt":{"rendered":"<p>Consulenza in sostenibilit\u00e0 per imprese Un team multidisciplinare al servizio della tua transizione ERGO \u00e8 la prima societ\u00e0 Spin Off della Scuola Superiore Sant\u2019Anna di Pisa, specializzata in management della sostenibilit\u00e0 e gestione ambientale. Da oltre vent\u2019anni integra ricerca accademica, competenze tecniche e visione strategica per guidare le imprese verso modelli di sviluppo sostenibili e [&hellip;]<\/p>\n","protected":false},"author":1,"featured_media":0,"parent":0,"menu_order":0,"comment_status":"closed","ping_status":"closed","template":"","meta":{"_acf_changed":false,"footnotes":""},"class_list":["post-672","page","type-page","status-publish","hentry"],"acf":[],"_links":{"self":[{"href":"https:\/\/www.ergosrl.net\/en\/wp-json\/wp\/v2\/pages\/672","targetHints":{"allow":["GET"]}}],"collection":[{"href":"https:\/\/www.ergosrl.net\/en\/wp-json\/wp\/v2\/pages"}],"about":[{"href":"https:\/\/www.ergosrl.net\/en\/wp-json\/wp\/v2\/types\/page"}],"author":[{"embeddable":true,"href":"https:\/\/www.ergosrl.net\/en\/wp-json\/wp\/v2\/users\/1"}],"replies":[{"embeddable":true,"href":"https:\/\/www.ergosrl.net\/en\/wp-json\/wp\/v2\/comments?post=672"}],"version-history":[{"count":89,"href":"https:\/\/www.ergosrl.net\/en\/wp-json\/wp\/v2\/pages\/672\/revisions"}],"predecessor-version":[{"id":3085,"href":"https:\/\/www.ergosrl.net\/en\/wp-json\/wp\/v2\/pages\/672\/revisions\/3085"}],"wp:attachment":[{"href":"https:\/\/www.ergosrl.net\/en\/wp-json\/wp\/v2\/media?parent=672"}],"curies":[{"name":"wp","href":"https:\/\/api.w.org\/{rel}","templated":true}]}}